{"id":56,"date":"2022-03-02T21:12:57","date_gmt":"2022-03-02T21:12:57","guid":{"rendered":"https:\/\/escoladoinconsciente.com.br\/francis\/?page_id=56"},"modified":"2022-04-14T16:52:09","modified_gmt":"2022-04-14T16:52:09","slug":"videos","status":"publish","type":"page","link":"https:\/\/escoladoinconsciente.com.br\/francis\/videos\/","title":{"rendered":"V\u00eddeos"},"content":{"rendered":"\t\t<div data-elementor-type=\"wp-page\" data-elementor-id=\"56\" class=\"elementor elementor-56\" data-elementor-post-type=\"page\">\n\t\t\t\t\t\t<section data-particle_enable=\"false\" data-particle-mobile-disabled=\"false\" class=\"elementor-section elementor-top-section elementor-element elementor-element-127c79d elementor-section-full_width elementor-section-height-min-height elementor-section-content-top elementor-section-height-default elementor-section-items-middle\" data-id=\"127c79d\" data-element_type=\"section\" data-e-type=\"section\" data-settings=\"{&quot;background_background&quot;:&quot;classic&quot;,&quot;wcf_enable_pin_area&quot;:&quot;no&quot;,&quot;aae_enable_header_sticky_area&quot;:&quot;no&quot;}\">\n\t\t\t\t\t\t<div class=\"elementor-container elementor-column-gap-no\">\n\t\t\t\t\t<div class=\"elementor-column elementor-col-100 elementor-top-column elementor-element elementor-element-ab0f348\" data-id=\"ab0f348\" data-element_type=\"column\" data-e-type=\"column\">\n\t\t\t<div class=\"elementor-widget-wrap elementor-element-populated\">\n\t\t\t\t\t\t<section data-particle_enable=\"false\" data-particle-mobile-disabled=\"false\" class=\"elementor-section elementor-inner-section elementor-element elementor-element-840c0eb elementor-section-boxed elementor-section-height-default elementor-section-height-default\" data-id=\"840c0eb\" data-element_type=\"section\" data-e-type=\"section\" data-settings=\"{&quot;wcf_enable_pin_area&quot;:&quot;no&quot;,&quot;aae_enable_header_sticky_area&quot;:&quot;no&quot;}\">\n\t\t\t\t\t\t<div class=\"elementor-container elementor-column-gap-default\">\n\t\t\t\t\t<div class=\"elementor-column elementor-col-50 elementor-inner-column elementor-element elementor-element-9de70fb\" data-id=\"9de70fb\" data-element_type=\"column\" data-e-type=\"column\">\n\t\t\t<div class=\"elementor-widget-wrap\">\n\t\t\t\t\t\t\t<\/div>\n\t\t<\/div>\n\t\t\t\t<div class=\"elementor-column elementor-col-50 elementor-inner-column elementor-element elementor-element-7b17a33\" data-id=\"7b17a33\" data-element_type=\"column\" data-e-type=\"column\">\n\t\t\t<div class=\"elementor-widget-wrap elementor-element-populated\">\n\t\t\t\t\t\t<div class=\"elementor-element elementor-element-fe16640 elementor-hidden-tablet elementor-hidden-mobile wcf-t-animation-none elementor-widget elementor-widget-heading\" data-id=\"fe16640\" data-element_type=\"widget\" data-e-type=\"widget\" data-settings=\"{&quot;wcf_text_animation&quot;:&quot;none&quot;,&quot;wcf-animation&quot;:&quot;none&quot;}\" data-widget_type=\"heading.default\">\n\t\t\t\t<div class=\"elementor-widget-container\">\n\t\t\t\t\t<h2 class=\"elementor-heading-title elementor-size-default\">V\u00eddeos<\/h2>\t\t\t\t<\/div>\n\t\t\t\t<\/div>\n\t\t\t\t<div class=\"elementor-element elementor-element-e66bf48 elementor-hidden-tablet elementor-hidden-mobile elementor-widget elementor-widget-image\" data-id=\"e66bf48\" data-element_type=\"widget\" data-e-type=\"widget\" data-settings=\"{&quot;wcf-image-animation&quot;:&quot;none&quot;,&quot;wcf-animation&quot;:&quot;none&quot;}\" data-widget_type=\"image.default\">\n\t\t\t\t<div class=\"elementor-widget-container\">\n\t\t\t\t\t\t\t\t\t\t\t\t\t\t\t<img decoding=\"async\" width=\"486\" height=\"19\" src=\"https:\/\/i0.wp.com\/escoladoinconsciente.com.br\/francis\/wp-content\/uploads\/2022\/03\/Rectangle-3.png?fit=486%2C19&amp;ssl=1\" class=\"attachment-large size-large wp-image-142\" alt=\"\" srcset=\"https:\/\/i0.wp.com\/escoladoinconsciente.com.br\/francis\/wp-content\/uploads\/2022\/03\/Rectangle-3.png?w=486&amp;ssl=1 486w, https:\/\/i0.wp.com\/escoladoinconsciente.com.br\/francis\/wp-content\/uploads\/2022\/03\/Rectangle-3.png?resize=300%2C12&amp;ssl=1 300w\" sizes=\"(max-width: 486px) 100vw, 486px\" \/>\t\t\t\t\t\t\t\t\t\t\t\t\t\t\t<\/div>\n\t\t\t\t<\/div>\n\t\t\t\t<div class=\"elementor-element elementor-element-ec455a4 elementor-hidden-tablet elementor-hidden-mobile wcf-t-animation-none elementor-widget elementor-widget-text-editor\" data-id=\"ec455a4\" data-element_type=\"widget\" data-e-type=\"widget\" data-settings=\"{&quot;wcf_text_animation&quot;:&quot;none&quot;,&quot;wcf-animation&quot;:&quot;none&quot;}\" data-widget_type=\"text-editor.default\">\n\t\t\t\t<div class=\"elementor-widget-container\">\n\t\t\t\t\t\t\t\t\t<p>P\u00edlulas de conhecimento, dicas e insights em v\u00eddeo para voc\u00ea, tudo organizadinho e f\u00e1cil de encontrar os conte\u00fados \u00fateis para a sua vida.<\/p>\t\t\t\t\t\t\t\t<\/div>\n\t\t\t\t<\/div>\n\t\t\t\t\t<\/div>\n\t\t<\/div>\n\t\t\t\t\t<\/div>\n\t\t<\/section>\n\t\t\t\t\t<\/div>\n\t\t<\/div>\n\t\t\t\t\t<\/div>\n\t\t<\/section>\n\t\t\t\t<section data-particle_enable=\"false\" data-particle-mobile-disabled=\"false\" class=\"elementor-section elementor-top-section elementor-element elementor-element-a41c14e elementor-section-boxed elementor-section-height-default elementor-section-height-default\" data-id=\"a41c14e\" data-element_type=\"section\" data-e-type=\"section\" data-settings=\"{&quot;background_background&quot;:&quot;classic&quot;,&quot;wcf_enable_pin_area&quot;:&quot;no&quot;,&quot;aae_enable_header_sticky_area&quot;:&quot;no&quot;}\">\n\t\t\t\t\t\t<div class=\"elementor-container elementor-column-gap-default\">\n\t\t\t\t\t<div class=\"elementor-column elementor-col-100 elementor-top-column elementor-element elementor-element-2b0cb48\" data-id=\"2b0cb48\" data-element_type=\"column\" data-e-type=\"column\">\n\t\t\t<div class=\"elementor-widget-wrap elementor-element-populated\">\n\t\t\t\t\t\t<div class=\"elementor-element elementor-element-76e883a elementor-hidden-desktop wcf-t-animation-none elementor-widget elementor-widget-heading\" data-id=\"76e883a\" data-element_type=\"widget\" data-e-type=\"widget\" data-settings=\"{&quot;wcf_text_animation&quot;:&quot;none&quot;,&quot;wcf-animation&quot;:&quot;none&quot;}\" data-widget_type=\"heading.default\">\n\t\t\t\t<div class=\"elementor-widget-container\">\n\t\t\t\t\t<h2 class=\"elementor-heading-title elementor-size-default\">V\u00eddeos<\/h2>\t\t\t\t<\/div>\n\t\t\t\t<\/div>\n\t\t\t\t<div class=\"elementor-element elementor-element-a872166 elementor-hidden-desktop elementor-widget elementor-widget-image\" data-id=\"a872166\" data-element_type=\"widget\" data-e-type=\"widget\" data-settings=\"{&quot;wcf-image-animation&quot;:&quot;none&quot;,&quot;wcf-animation&quot;:&quot;none&quot;}\" data-widget_type=\"image.default\">\n\t\t\t\t<div class=\"elementor-widget-container\">\n\t\t\t\t\t\t\t\t\t\t\t\t\t\t\t<img decoding=\"async\" width=\"486\" height=\"19\" src=\"https:\/\/i0.wp.com\/escoladoinconsciente.com.br\/francis\/wp-content\/uploads\/2022\/03\/Rectangle-3.png?fit=486%2C19&amp;ssl=1\" class=\"attachment-large size-large wp-image-142\" alt=\"\" srcset=\"https:\/\/i0.wp.com\/escoladoinconsciente.com.br\/francis\/wp-content\/uploads\/2022\/03\/Rectangle-3.png?w=486&amp;ssl=1 486w, https:\/\/i0.wp.com\/escoladoinconsciente.com.br\/francis\/wp-content\/uploads\/2022\/03\/Rectangle-3.png?resize=300%2C12&amp;ssl=1 300w\" sizes=\"(max-width: 486px) 100vw, 486px\" \/>\t\t\t\t\t\t\t\t\t\t\t\t\t\t\t<\/div>\n\t\t\t\t<\/div>\n\t\t\t\t<div class=\"elementor-element elementor-element-6e7786c elementor-hidden-desktop wcf-t-animation-none elementor-widget elementor-widget-text-editor\" data-id=\"6e7786c\" data-element_type=\"widget\" data-e-type=\"widget\" data-settings=\"{&quot;wcf_text_animation&quot;:&quot;none&quot;,&quot;wcf-animation&quot;:&quot;none&quot;}\" data-widget_type=\"text-editor.default\">\n\t\t\t\t<div class=\"elementor-widget-container\">\n\t\t\t\t\t\t\t\t\t<p>P\u00edlulas de conhecimento, dicas e insights em v\u00eddeo para voc\u00ea, tudo organizadinho e f\u00e1cil de encontrar os conte\u00fados \u00fateis para a sua vida.<\/p>\t\t\t\t\t\t\t\t<\/div>\n\t\t\t\t<\/div>\n\t\t\t\t<section data-particle_enable=\"false\" data-particle-mobile-disabled=\"false\" class=\"elementor-section elementor-inner-section elementor-element elementor-element-ee99c6e elementor-section-boxed elementor-section-height-default elementor-section-height-default\" data-id=\"ee99c6e\" data-element_type=\"section\" data-e-type=\"section\" data-settings=\"{&quot;wcf_enable_pin_area&quot;:&quot;no&quot;,&quot;aae_enable_header_sticky_area&quot;:&quot;no&quot;}\">\n\t\t\t\t\t\t<div class=\"elementor-container elementor-column-gap-default\">\n\t\t\t\t\t<div class=\"elementor-column elementor-col-100 elementor-inner-column elementor-element elementor-element-80424c1\" data-id=\"80424c1\" data-element_type=\"column\" data-e-type=\"column\">\n\t\t\t<div class=\"elementor-widget-wrap elementor-element-populated\">\n\t\t\t\t\t\t<div class=\"elementor-element elementor-element-1ac6c29 wcf-t-animation-none elementor-widget elementor-widget-heading\" data-id=\"1ac6c29\" data-element_type=\"widget\" data-e-type=\"widget\" data-settings=\"{&quot;wcf_text_animation&quot;:&quot;none&quot;,&quot;wcf-animation&quot;:&quot;none&quot;}\" data-widget_type=\"heading.default\">\n\t\t\t\t<div class=\"elementor-widget-container\">\n\t\t\t\t\t<h2 class=\"elementor-heading-title elementor-size-default\">Luz, c\u00e2mera e a\u00e7\u00e3o<\/h2>\t\t\t\t<\/div>\n\t\t\t\t<\/div>\n\t\t\t\t<div class=\"elementor-element elementor-element-681409b elementor-widget elementor-widget-image\" data-id=\"681409b\" data-element_type=\"widget\" data-e-type=\"widget\" data-settings=\"{&quot;wcf-image-animation&quot;:&quot;none&quot;,&quot;wcf-animation&quot;:&quot;none&quot;}\" data-widget_type=\"image.default\">\n\t\t\t\t<div class=\"elementor-widget-container\">\n\t\t\t\t\t\t\t\t\t\t\t\t\t\t\t<img decoding=\"async\" width=\"486\" height=\"19\" src=\"https:\/\/i0.wp.com\/escoladoinconsciente.com.br\/francis\/wp-content\/uploads\/2022\/03\/Rectangle-3.png?fit=486%2C19&amp;ssl=1\" class=\"attachment-large size-large wp-image-142\" alt=\"\" srcset=\"https:\/\/i0.wp.com\/escoladoinconsciente.com.br\/francis\/wp-content\/uploads\/2022\/03\/Rectangle-3.png?w=486&amp;ssl=1 486w, https:\/\/i0.wp.com\/escoladoinconsciente.com.br\/francis\/wp-content\/uploads\/2022\/03\/Rectangle-3.png?resize=300%2C12&amp;ssl=1 300w\" sizes=\"(max-width: 486px) 100vw, 486px\" \/>\t\t\t\t\t\t\t\t\t\t\t\t\t\t\t<\/div>\n\t\t\t\t<\/div>\n\t\t\t\t\t<\/div>\n\t\t<\/div>\n\t\t\t\t\t<\/div>\n\t\t<\/section>\n\t\t\t\t<section data-particle_enable=\"false\" data-particle-mobile-disabled=\"false\" class=\"elementor-section elementor-inner-section elementor-element elementor-element-90ea98e elementor-section-boxed elementor-section-height-default elementor-section-height-default\" data-id=\"90ea98e\" data-element_type=\"section\" data-e-type=\"section\" data-settings=\"{&quot;wcf_enable_pin_area&quot;:&quot;no&quot;,&quot;aae_enable_header_sticky_area&quot;:&quot;no&quot;}\">\n\t\t\t\t\t\t<div class=\"elementor-container elementor-column-gap-default\">\n\t\t\t\t\t<div class=\"elementor-column elementor-col-50 elementor-inner-column elementor-element elementor-element-874f576\" data-id=\"874f576\" data-element_type=\"column\" data-e-type=\"column\">\n\t\t\t<div class=\"elementor-widget-wrap elementor-element-populated\">\n\t\t\t\t\t\t<div class=\"elementor-element elementor-element-7f6d6d1 wcf-t-animation-none elementor-widget elementor-widget-text-editor\" data-id=\"7f6d6d1\" data-element_type=\"widget\" data-e-type=\"widget\" data-settings=\"{&quot;wcf_text_animation&quot;:&quot;none&quot;,&quot;wcf-animation&quot;:&quot;none&quot;}\" data-widget_type=\"text-editor.default\">\n\t\t\t\t<div class=\"elementor-widget-container\">\n\t\t\t\t\t\t\t\t\t<p>Quer saber um pouco mais sobre o inconsciente? Assista a esse v\u00eddeo!!!<\/p>\t\t\t\t\t\t\t\t<\/div>\n\t\t\t\t<\/div>\n\t\t\t\t\t<\/div>\n\t\t<\/div>\n\t\t\t\t<div class=\"elementor-column elementor-col-50 elementor-inner-column elementor-element elementor-element-53ce5bf\" data-id=\"53ce5bf\" data-element_type=\"column\" data-e-type=\"column\">\n\t\t\t<div class=\"elementor-widget-wrap elementor-element-populated\">\n\t\t\t\t\t\t<div class=\"elementor-element elementor-element-3b30251 elementor-widget elementor-widget-video\" data-id=\"3b30251\" data-element_type=\"widget\" data-e-type=\"widget\" data-settings=\"{&quot;youtube_url&quot;:&quot;https:\\\/\\\/www.youtube.com\\\/watch?v=Feaft71ca8Y&quot;,&quot;video_type&quot;:&quot;youtube&quot;,&quot;controls&quot;:&quot;yes&quot;,&quot;wcf-animation&quot;:&quot;none&quot;}\" data-widget_type=\"video.default\">\n\t\t\t\t<div class=\"elementor-widget-container\">\n\t\t\t\t\t\t\t<div class=\"elementor-wrapper elementor-open-inline\">\n\t\t\t<div class=\"elementor-video\"><\/div>\t\t<\/div>\n\t\t\t\t\t\t<\/div>\n\t\t\t\t<\/div>\n\t\t\t\t\t<\/div>\n\t\t<\/div>\n\t\t\t\t\t<\/div>\n\t\t<\/section>\n\t\t\t\t<section data-particle_enable=\"false\" data-particle-mobile-disabled=\"false\" class=\"elementor-section elementor-inner-section elementor-element elementor-element-0afad13 elementor-section-boxed elementor-section-height-default elementor-section-height-default\" data-id=\"0afad13\" data-element_type=\"section\" data-e-type=\"section\" data-settings=\"{&quot;wcf_enable_pin_area&quot;:&quot;no&quot;,&quot;aae_enable_header_sticky_area&quot;:&quot;no&quot;}\">\n\t\t\t\t\t\t<div class=\"elementor-container elementor-column-gap-default\">\n\t\t\t\t\t<div class=\"elementor-column elementor-col-50 elementor-inner-column elementor-element elementor-element-c8e0eac\" data-id=\"c8e0eac\" data-element_type=\"column\" data-e-type=\"column\">\n\t\t\t<div class=\"elementor-widget-wrap elementor-element-populated\">\n\t\t\t\t\t\t<div class=\"elementor-element elementor-element-3c06c62 wcf-t-animation-none elementor-widget elementor-widget-text-editor\" data-id=\"3c06c62\" data-element_type=\"widget\" data-e-type=\"widget\" data-settings=\"{&quot;wcf_text_animation&quot;:&quot;none&quot;,&quot;wcf-animation&quot;:&quot;none&quot;}\" data-widget_type=\"text-editor.default\">\n\t\t\t\t<div class=\"elementor-widget-container\">\n\t\t\t\t\t\t\t\t\t<p>Um pouco mais sobre o inconsciente. D\u00ea o play!<\/p>\t\t\t\t\t\t\t\t<\/div>\n\t\t\t\t<\/div>\n\t\t\t\t\t<\/div>\n\t\t<\/div>\n\t\t\t\t<div class=\"elementor-column elementor-col-50 elementor-inner-column elementor-element elementor-element-a5ec069\" data-id=\"a5ec069\" data-element_type=\"column\" data-e-type=\"column\">\n\t\t\t<div class=\"elementor-widget-wrap elementor-element-populated\">\n\t\t\t\t\t\t<div class=\"elementor-element elementor-element-a962868 elementor-widget elementor-widget-video\" data-id=\"a962868\" data-element_type=\"widget\" data-e-type=\"widget\" data-settings=\"{&quot;youtube_url&quot;:&quot;https:\\\/\\\/www.youtube.com\\\/watch?v=Xb-5l3wotCw&quot;,&quot;video_type&quot;:&quot;youtube&quot;,&quot;controls&quot;:&quot;yes&quot;,&quot;wcf-animation&quot;:&quot;none&quot;}\" data-widget_type=\"video.default\">\n\t\t\t\t<div class=\"elementor-widget-container\">\n\t\t\t\t\t\t\t<div class=\"elementor-wrapper elementor-open-inline\">\n\t\t\t<div class=\"elementor-video\"><\/div>\t\t<\/div>\n\t\t\t\t\t\t<\/div>\n\t\t\t\t<\/div>\n\t\t\t\t\t<\/div>\n\t\t<\/div>\n\t\t\t\t\t<\/div>\n\t\t<\/section>\n\t\t\t\t\t<\/div>\n\t\t<\/div>\n\t\t\t\t\t<\/div>\n\t\t<\/section>\n\t\t\t\t<\/div>\n\t\t","protected":false},"excerpt":{"rendered":"<p>V\u00eddeos P\u00edlulas de conhecimento, dicas e insights em v\u00eddeo para voc\u00ea, tudo organizadinho e f\u00e1cil de encontrar os conte\u00fados \u00fateis para a sua vida. V\u00eddeos P\u00edlulas de conhecimento, dicas e insights em v\u00eddeo para voc\u00ea, tudo organizadinho e f\u00e1cil de encontrar os conte\u00fados \u00fateis para a sua vida. Luz, c\u00e2mera e a\u00e7\u00e3o Quer saber um &hellip;<\/p>\n<p class=\"read-more\"> <a class=\"\" href=\"https:\/\/escoladoinconsciente.com.br\/francis\/videos\/\"> <span class=\"screen-reader-text\">V\u00eddeos<\/span> Leia mais &raquo;<\/a><\/p>\n","protected":false},"author":1,"featured_media":0,"parent":0,"menu_order":0,"comment_status":"closed","ping_status":"closed","template":"","meta":{"_acf_changed":false,"site-sidebar-layout":"no-sidebar","site-content-layout":"page-builder","ast-main-header-display":"","ast-hfb-above-header-display":"","ast-hfb-below-header-display":"","ast-hfb-mobile-header-display":"","site-post-title":"disabled","ast-breadcrumbs-content":"","ast-featured-img":"disabled","footer-sml-layout":"","theme-transparent-header-meta":"","adv-header-id-meta":"","stick-header-meta":"","header-above-stick-meta":"","header-main-stick-meta":"","header-below-stick-meta":"","footnotes":""},"class_list":["post-56","page","type-page","status-publish","hentry"],"acf":[],"yoast_head":"<!-- This site is optimized with the Yoast SEO plugin v27.2 - https:\/\/yoast.com\/product\/yoast-seo-wordpress\/ -->\n<title>V\u00eddeos - Dra. Francis Paciornik<\/title>\n<meta name=\"robots\" content=\"index, follow, max-snippet:-1, max-image-preview:large, max-video-preview:-1\" \/>\n<link rel=\"canonical\" href=\"https:\/\/escoladoinconsciente.com.br\/francis\/videos\/\" \/>\n<meta property=\"og:locale\" content=\"pt_BR\" \/>\n<meta property=\"og:type\" content=\"article\" \/>\n<meta property=\"og:title\" content=\"V\u00eddeos - Dra. Francis Paciornik\" \/>\n<meta property=\"og:description\" content=\"V\u00eddeos P\u00edlulas de conhecimento, dicas e insights em v\u00eddeo para voc\u00ea, tudo organizadinho e f\u00e1cil de encontrar os conte\u00fados \u00fateis para a sua vida. V\u00eddeos P\u00edlulas de conhecimento, dicas e insights em v\u00eddeo para voc\u00ea, tudo organizadinho e f\u00e1cil de encontrar os conte\u00fados \u00fateis para a sua vida. Luz, c\u00e2mera e a\u00e7\u00e3o Quer saber um &hellip; V\u00eddeos Leia mais &raquo;\" \/>\n<meta property=\"og:url\" content=\"https:\/\/escoladoinconsciente.com.br\/francis\/videos\/\" \/>\n<meta property=\"og:site_name\" content=\"Dra. Francis Paciornik\" \/>\n<meta property=\"article:publisher\" content=\"https:\/\/www.facebook.com\/Dra-Francis-Paciornik-Escola-do-Inconsciente-100366075815480\" \/>\n<meta property=\"article:modified_time\" content=\"2022-04-14T16:52:09+00:00\" \/>\n<meta property=\"og:image\" content=\"https:\/\/escoladoinconsciente.com.br\/francis\/wp-content\/uploads\/2022\/03\/Rectangle-3.png\" \/>\n<meta name=\"twitter:card\" content=\"summary_large_image\" \/>\n<meta name=\"twitter:label1\" content=\"Est. tempo de leitura\" \/>\n\t<meta name=\"twitter:data1\" content=\"1 minuto\" \/>\n<script type=\"application\/ld+json\" class=\"yoast-schema-graph\">{\"@context\":\"https:\/\/schema.org\",\"@graph\":[{\"@type\":\"WebPage\",\"@id\":\"https:\/\/escoladoinconsciente.com.br\/francis\/videos\/\",\"url\":\"https:\/\/escoladoinconsciente.com.br\/francis\/videos\/\",\"name\":\"V\u00eddeos - Dra. Francis Paciornik\",\"isPartOf\":{\"@id\":\"https:\/\/escoladoinconsciente.com.br\/francis\/#website\"},\"primaryImageOfPage\":{\"@id\":\"https:\/\/escoladoinconsciente.com.br\/francis\/videos\/#primaryimage\"},\"image\":{\"@id\":\"https:\/\/escoladoinconsciente.com.br\/francis\/videos\/#primaryimage\"},\"thumbnailUrl\":\"https:\/\/escoladoinconsciente.com.br\/francis\/wp-content\/uploads\/2022\/03\/Rectangle-3.png\",\"datePublished\":\"2022-03-02T21:12:57+00:00\",\"dateModified\":\"2022-04-14T16:52:09+00:00\",\"breadcrumb\":{\"@id\":\"https:\/\/escoladoinconsciente.com.br\/francis\/videos\/#breadcrumb\"},\"inLanguage\":\"pt-BR\",\"potentialAction\":[{\"@type\":\"ReadAction\",\"target\":[\"https:\/\/escoladoinconsciente.com.br\/francis\/videos\/\"]}]},{\"@type\":\"ImageObject\",\"inLanguage\":\"pt-BR\",\"@id\":\"https:\/\/escoladoinconsciente.com.br\/francis\/videos\/#primaryimage\",\"url\":\"https:\/\/i0.wp.com\/escoladoinconsciente.com.br\/francis\/wp-content\/uploads\/2022\/03\/Rectangle-3.png?fit=486%2C19&ssl=1\",\"contentUrl\":\"https:\/\/i0.wp.com\/escoladoinconsciente.com.br\/francis\/wp-content\/uploads\/2022\/03\/Rectangle-3.png?fit=486%2C19&ssl=1\",\"width\":486,\"height\":19},{\"@type\":\"BreadcrumbList\",\"@id\":\"https:\/\/escoladoinconsciente.com.br\/francis\/videos\/#breadcrumb\",\"itemListElement\":[{\"@type\":\"ListItem\",\"position\":1,\"name\":\"In\u00edcio\",\"item\":\"https:\/\/escoladoinconsciente.com.br\/francis\/\"},{\"@type\":\"ListItem\",\"position\":2,\"name\":\"V\u00eddeos\"}]},{\"@type\":\"WebSite\",\"@id\":\"https:\/\/escoladoinconsciente.com.br\/francis\/#website\",\"url\":\"https:\/\/escoladoinconsciente.com.br\/francis\/\",\"name\":\"Dra. Francis Paciornik\",\"description\":\"Escola do Inconsciente\",\"publisher\":{\"@id\":\"https:\/\/escoladoinconsciente.com.br\/francis\/#organization\"},\"potentialAction\":[{\"@type\":\"SearchAction\",\"target\":{\"@type\":\"EntryPoint\",\"urlTemplate\":\"https:\/\/escoladoinconsciente.com.br\/francis\/?s={search_term_string}\"},\"query-input\":{\"@type\":\"PropertyValueSpecification\",\"valueRequired\":true,\"valueName\":\"search_term_string\"}}],\"inLanguage\":\"pt-BR\"},{\"@type\":\"Organization\",\"@id\":\"https:\/\/escoladoinconsciente.com.br\/francis\/#organization\",\"name\":\"Dra. Francis Paciornik\",\"url\":\"https:\/\/escoladoinconsciente.com.br\/francis\/\",\"logo\":{\"@type\":\"ImageObject\",\"inLanguage\":\"pt-BR\",\"@id\":\"https:\/\/escoladoinconsciente.com.br\/francis\/#\/schema\/logo\/image\/\",\"url\":\"https:\/\/i0.wp.com\/escoladoinconsciente.com.br\/francis\/wp-content\/uploads\/2022\/03\/Francis-1-1.png?fit=156%2C80&ssl=1\",\"contentUrl\":\"https:\/\/i0.wp.com\/escoladoinconsciente.com.br\/francis\/wp-content\/uploads\/2022\/03\/Francis-1-1.png?fit=156%2C80&ssl=1\",\"width\":156,\"height\":80,\"caption\":\"Dra. Francis Paciornik\"},\"image\":{\"@id\":\"https:\/\/escoladoinconsciente.com.br\/francis\/#\/schema\/logo\/image\/\"},\"sameAs\":[\"https:\/\/www.facebook.com\/Dra-Francis-Paciornik-Escola-do-Inconsciente-100366075815480\",\"https:\/\/www.instagram.com\/dra_francis_paciornik\/\"]}]}<\/script>\n<!-- \/ Yoast SEO plugin. -->","yoast_head_json":{"title":"V\u00eddeos - Dra. Francis Paciornik","robots":{"index":"index","follow":"follow","max-snippet":"max-snippet:-1","max-image-preview":"max-image-preview:large","max-video-preview":"max-video-preview:-1"},"canonical":"https:\/\/escoladoinconsciente.com.br\/francis\/videos\/","og_locale":"pt_BR","og_type":"article","og_title":"V\u00eddeos - Dra. Francis Paciornik","og_description":"V\u00eddeos P\u00edlulas de conhecimento, dicas e insights em v\u00eddeo para voc\u00ea, tudo organizadinho e f\u00e1cil de encontrar os conte\u00fados \u00fateis para a sua vida. V\u00eddeos P\u00edlulas de conhecimento, dicas e insights em v\u00eddeo para voc\u00ea, tudo organizadinho e f\u00e1cil de encontrar os conte\u00fados \u00fateis para a sua vida. Luz, c\u00e2mera e a\u00e7\u00e3o Quer saber um &hellip; V\u00eddeos Leia mais &raquo;","og_url":"https:\/\/escoladoinconsciente.com.br\/francis\/videos\/","og_site_name":"Dra. Francis Paciornik","article_publisher":"https:\/\/www.facebook.com\/Dra-Francis-Paciornik-Escola-do-Inconsciente-100366075815480","article_modified_time":"2022-04-14T16:52:09+00:00","og_image":[{"url":"https:\/\/escoladoinconsciente.com.br\/francis\/wp-content\/uploads\/2022\/03\/Rectangle-3.png","type":"","width":"","height":""}],"twitter_card":"summary_large_image","twitter_misc":{"Est. tempo de leitura":"1 minuto"},"schema":{"@context":"https:\/\/schema.org","@graph":[{"@type":"WebPage","@id":"https:\/\/escoladoinconsciente.com.br\/francis\/videos\/","url":"https:\/\/escoladoinconsciente.com.br\/francis\/videos\/","name":"V\u00eddeos - Dra. Francis Paciornik","isPartOf":{"@id":"https:\/\/escoladoinconsciente.com.br\/francis\/#website"},"primaryImageOfPage":{"@id":"https:\/\/escoladoinconsciente.com.br\/francis\/videos\/#primaryimage"},"image":{"@id":"https:\/\/escoladoinconsciente.com.br\/francis\/videos\/#primaryimage"},"thumbnailUrl":"https:\/\/escoladoinconsciente.com.br\/francis\/wp-content\/uploads\/2022\/03\/Rectangle-3.png","datePublished":"2022-03-02T21:12:57+00:00","dateModified":"2022-04-14T16:52:09+00:00","breadcrumb":{"@id":"https:\/\/escoladoinconsciente.com.br\/francis\/videos\/#breadcrumb"},"inLanguage":"pt-BR","potentialAction":[{"@type":"ReadAction","target":["https:\/\/escoladoinconsciente.com.br\/francis\/videos\/"]}]},{"@type":"ImageObject","inLanguage":"pt-BR","@id":"https:\/\/escoladoinconsciente.com.br\/francis\/videos\/#primaryimage","url":"https:\/\/i0.wp.com\/escoladoinconsciente.com.br\/francis\/wp-content\/uploads\/2022\/03\/Rectangle-3.png?fit=486%2C19&ssl=1","contentUrl":"https:\/\/i0.wp.com\/escoladoinconsciente.com.br\/francis\/wp-content\/uploads\/2022\/03\/Rectangle-3.png?fit=486%2C19&ssl=1","width":486,"height":19},{"@type":"BreadcrumbList","@id":"https:\/\/escoladoinconsciente.com.br\/francis\/videos\/#breadcrumb","itemListElement":[{"@type":"ListItem","position":1,"name":"In\u00edcio","item":"https:\/\/escoladoinconsciente.com.br\/francis\/"},{"@type":"ListItem","position":2,"name":"V\u00eddeos"}]},{"@type":"WebSite","@id":"https:\/\/escoladoinconsciente.com.br\/francis\/#website","url":"https:\/\/escoladoinconsciente.com.br\/francis\/","name":"Dra. Francis Paciornik","description":"Escola do Inconsciente","publisher":{"@id":"https:\/\/escoladoinconsciente.com.br\/francis\/#organization"},"potentialAction":[{"@type":"SearchAction","target":{"@type":"EntryPoint","urlTemplate":"https:\/\/escoladoinconsciente.com.br\/francis\/?s={search_term_string}"},"query-input":{"@type":"PropertyValueSpecification","valueRequired":true,"valueName":"search_term_string"}}],"inLanguage":"pt-BR"},{"@type":"Organization","@id":"https:\/\/escoladoinconsciente.com.br\/francis\/#organization","name":"Dra. Francis Paciornik","url":"https:\/\/escoladoinconsciente.com.br\/francis\/","logo":{"@type":"ImageObject","inLanguage":"pt-BR","@id":"https:\/\/escoladoinconsciente.com.br\/francis\/#\/schema\/logo\/image\/","url":"https:\/\/i0.wp.com\/escoladoinconsciente.com.br\/francis\/wp-content\/uploads\/2022\/03\/Francis-1-1.png?fit=156%2C80&ssl=1","contentUrl":"https:\/\/i0.wp.com\/escoladoinconsciente.com.br\/francis\/wp-content\/uploads\/2022\/03\/Francis-1-1.png?fit=156%2C80&ssl=1","width":156,"height":80,"caption":"Dra. Francis Paciornik"},"image":{"@id":"https:\/\/escoladoinconsciente.com.br\/francis\/#\/schema\/logo\/image\/"},"sameAs":["https:\/\/www.facebook.com\/Dra-Francis-Paciornik-Escola-do-Inconsciente-100366075815480","https:\/\/www.instagram.com\/dra_francis_paciornik\/"]}]}},"jetpack_sharing_enabled":true,"_links":{"self":[{"href":"https:\/\/escoladoinconsciente.com.br\/francis\/wp-json\/wp\/v2\/pages\/56","targetHints":{"allow":["GET"]}}],"collection":[{"href":"https:\/\/escoladoinconsciente.com.br\/francis\/wp-json\/wp\/v2\/pages"}],"about":[{"href":"https:\/\/escoladoinconsciente.com.br\/francis\/wp-json\/wp\/v2\/types\/page"}],"author":[{"embeddable":true,"href":"https:\/\/escoladoinconsciente.com.br\/francis\/wp-json\/wp\/v2\/users\/1"}],"replies":[{"embeddable":true,"href":"https:\/\/escoladoinconsciente.com.br\/francis\/wp-json\/wp\/v2\/comments?post=56"}],"version-history":[{"count":34,"href":"https:\/\/escoladoinconsciente.com.br\/francis\/wp-json\/wp\/v2\/pages\/56\/revisions"}],"predecessor-version":[{"id":734,"href":"https:\/\/escoladoinconsciente.com.br\/francis\/wp-json\/wp\/v2\/pages\/56\/revisions\/734"}],"wp:attachment":[{"href":"https:\/\/escoladoinconsciente.com.br\/francis\/wp-json\/wp\/v2\/media?parent=56"}],"curies":[{"name":"wp","href":"https:\/\/api.w.org\/{rel}","templated":true}]}}